{"id":4879,"date":"2016-06-15T18:01:45","date_gmt":"2016-06-15T22:01:45","guid":{"rendered":"http:\/\/montsutton.com\/en\/purely-sutton\/excellente-source-de-montagne\/"},"modified":"2023-08-23T16:41:20","modified_gmt":"2023-08-23T20:41:20","slug":"a-genuine-mountain","status":"publish","type":"page","link":"https:\/\/montsutton.com\/en\/purely-sutton\/a-genuine-mountain\/","title":{"rendered":"Unique skiing in a majestic environment"},"content":{"rendered":"<p>Mont SUTTON is at the crossroads of nature, with long runs that offer breathtaking views, cozy moments in one of our four rustic chalet-restaurants, a bar that hosts some of the most welcoming apr\u00e8s-skis, and infinite snow. With every other trail marked as a glade and 204 junctions, Mont SUTTON offers an almost unlimited choice of runs for all skiers and snowboarders to enjoy.<\/p>\n<p>&nbsp;<\/p>\n<div class=\"toggle\">\n<h5 class=\"trigger\"><strong> An environmentally responsible mountain<\/strong><\/h5>\n<div class=\"toggle_container\">\n<p>&nbsp;<\/p>\n<p>Over the last few years, many steps have been taken towards reducing and managing all of our waste as well as conserving and protecting the mountain&#8217;s natural resources. Here are a few examples:<\/p>\n<p>&nbsp;<\/p>\n<p><strong>At the mountain<\/strong><\/p>\n<p>&nbsp;<\/p>\n<ul>\n<li>Development and maintenance of trails and equipment in a way to reduce negative impacts on fauna and flora.<\/li>\n<li>Adoption of a new water management plan: use of household wastewater, control system, etc.<\/li>\n<li>Purchase of new snow guns with lower energy consumtion rates than those of previous guns.<\/li>\n<li>Use of composting toilets for our chalets located at the top of the mountain.<\/li>\n<li>Establishment of a plan of action to raise skiers&#8217; and snowboarders&#8217; awareness of reforestation zones.<\/li>\n<li>Pieces of land sold to Nature Conservancy Canada to protect fragile areas and natural habitats.<\/li>\n<li>Reduction in the use of ice removal products.<\/li>\n<li>10 charging stations for electric vehicles (EV) were installed and made available to customers in the P2B parking lot<\/li>\n<\/ul>\n<p>&nbsp;<\/p>\n<p><strong>For the community<\/strong><\/p>\n<p>&nbsp;<\/p>\n<ul>\n<li>Participation in the development of a BioKit for Sutton in collaboration with the Centre local de d\u00e9veloppment Brome-Missisquoi, the Corporation de d\u00e9veloppement \u00e9conomique de Sutton, and Environment Canada.<\/li>\n<li>Member of the board for the Coop\u00e9rative de solidarit\u00e9 Sutton en Haut.<\/li>\n<li>Rights of passage granted, support and resources lent to the Parc d&#8217;environnement naturel de Sutton, responsible for hiking trail development and maintenance.<\/li>\n<li>Recycling of computer equipment.<\/li>\n<li>Donation of ski clothing to non-profit orgnizations.<\/li>\n<li>Donations to local fundraising events, as well as participation in such activities.<\/li>\n<\/ul>\n<p>&nbsp;<\/p>\n<p><strong>To reduce, recycle and develop?<\/strong><\/p>\n<p>&nbsp;<\/p>\n<ul>\n<li>Program for sorting recyclables and compost.<\/li>\n<li>Bulk purchase of products when possible to reduce waste of wrapping.<\/li>\n<li>Waste oil recycling (kitchen, mechanical equipment, and automobiles).<\/li>\n<li>\u00adUse of equipment with low energy consumption and energy-efficient lighting.<\/li>\n<li>Reduction of clean water usage and regular inspections of installations in order to detect and repair water leaks.<\/li>\n<li>Use of responsibly sourced paper for informational and promotional documents as well as hygienic paper.<\/li>\n<li>Use of biodegradable and compostable dishes.<\/li>\n<\/ul>\n<p>&nbsp;<\/p>\n<\/div>\n<\/div>\n<div class=\"toggle\">\n<h5 class=\"trigger\"><strong>Protecting nature: the very essence of skiing at Mont SUTTON<\/strong><\/h5>\n<div class=\"toggle_container\">\n<p>&nbsp;<\/p>\n<p>Help us to protect the environment and to ensure our unique glade concept is preserved for generations to come! Together, we can protect our mountain.<\/p>\n<p>&nbsp;<\/p>\n<p><strong>Ski the glades. Save the woods.<\/strong><\/p>\n<p>&nbsp;<\/p>\n<\/div>\n<\/div>\n<div class=\"toggle\">\n<h5 class=\"trigger\"><strong>Carpooling: easy, economical, and eco-friendly!<\/strong><\/h5>\n<div class=\"toggle_container\">\n<p>&nbsp;<\/p>\n<p>Skiers who are looking for or wish to offer transport to Sutton can place an ad in the <a href=\"http:\/\/montsutton.com\/en\/classified-ads\/\">section dedicated to carpooling<\/a>. Enthusiasts can also connect via Facebook to plan their trips!<\/p>\n<p>&nbsp;<\/p>\n<\/div>\n<\/div>\n","protected":false},"excerpt":{"rendered":"<p>Mont SUTTON is at the crossroads of nature, with long runs that offer breathtaking views, cozy moments in one of our four rustic chalet-restaurants, a bar that hosts some of the most welcoming apr\u00e8s-skis, and infinite snow. With every other [&hellip;]<\/p>\n","protected":false},"author":23,"featured_media":0,"parent":4204,"menu_order":0,"comment_status":"closed","ping_status":"closed","template":"","meta":{"_acf_changed":false,"footnotes":""},"class_list":["post-4879","page","type-page","status-publish","hentry"],"acf":{"page_banner":"https:\/\/montsutton.com\/wp-content\/uploads\/2016\/06\/banner_exellence.jpg","page_subtitle":"Mission and Values"},"yoast_head":"<!-- This site is optimized with the Yoast SEO plugin v26.3 - https:\/\/yoast.com\/wordpress\/plugins\/seo\/ -->\n<title>Mont SUTTON<\/title>\n<meta name=\"robots\" content=\"index, follow, max-snippet:-1, max-image-preview:large, max-video-preview:-1\" \/>\n<link rel=\"canonical\" href=\"https:\/\/montsutton.com\/en\/purely-sutton\/a-genuine-mountain\/\" \/>\n<meta property=\"og:locale\" content=\"en_US\" \/>\n<meta property=\"og:type\" content=\"article\" \/>\n<meta property=\"og:title\" content=\"Mont SUTTON\" \/>\n<meta property=\"og:description\" content=\"Mont SUTTON is at the crossroads of nature, with long runs that offer breathtaking views, cozy moments in one of our four rustic chalet-restaurants, a bar that hosts some of the most welcoming apr\u00e8s-skis, and infinite snow. With every other [&hellip;]\" \/>\n<meta property=\"og:url\" content=\"http:\/\/montsutton.com\/en\/purely-sutton\/a-genuine-mountain\/\" \/>\n<meta property=\"og:site_name\" content=\"Mont SUTTON\" \/>\n<meta property=\"article:publisher\" content=\"https:\/\/www.facebook.com\/montsutton\" \/>\n<meta property=\"article:modified_time\" content=\"2023-08-23T20:41:20+00:00\" \/>\n<meta name=\"twitter:card\" content=\"summary_large_image\" \/>\n<meta name=\"twitter:label1\" content=\"Est. reading time\" \/>\n\t<meta name=\"twitter:data1\" content=\"3 minutes\" \/>\n<script type=\"application\/ld+json\" class=\"yoast-schema-graph\">{\"@context\":\"https:\/\/schema.org\",\"@graph\":[{\"@type\":\"WebPage\",\"@id\":\"https:\/\/montsutton.com\/en\/purely-sutton\/a-genuine-mountain\/\",\"url\":\"https:\/\/montsutton.com\/en\/purely-sutton\/a-genuine-mountain\/\",\"name\":\"Mont SUTTON\",\"isPartOf\":{\"@id\":\"https:\/\/montsutton.com\/#website\"},\"datePublished\":\"2016-06-15T22:01:45+00:00\",\"dateModified\":\"2023-08-23T20:41:20+00:00\",\"breadcrumb\":{\"@id\":\"https:\/\/montsutton.com\/en\/purely-sutton\/a-genuine-mountain\/#breadcrumb\"},\"inLanguage\":\"en-US\",\"potentialAction\":[{\"@type\":\"ReadAction\",\"target\":[\"https:\/\/montsutton.com\/en\/purely-sutton\/a-genuine-mountain\/\"]}]},{\"@type\":\"BreadcrumbList\",\"@id\":\"https:\/\/montsutton.com\/en\/purely-sutton\/a-genuine-mountain\/#breadcrumb\",\"itemListElement\":[{\"@type\":\"ListItem\",\"position\":1,\"name\":\"Home\",\"item\":\"https:\/\/montsutton.com\/en\/\"},{\"@type\":\"ListItem\",\"position\":2,\"name\":\"Purely Sutton\",\"item\":\"https:\/\/montsutton.com\/en\/purely-sutton\/\"},{\"@type\":\"ListItem\",\"position\":3,\"name\":\"Unique skiing in a majestic environment\"}]},{\"@type\":\"WebSite\",\"@id\":\"https:\/\/montsutton.com\/#website\",\"url\":\"https:\/\/montsutton.com\/\",\"name\":\"Mont SUTTON\",\"description\":\"Station de Ski au Qu\u00e9bec dans les Cantons-de-l&#039;Est -\",\"potentialAction\":[{\"@type\":\"SearchAction\",\"target\":{\"@type\":\"EntryPoint\",\"urlTemplate\":\"https:\/\/montsutton.com\/?s={search_term_string}\"},\"query-input\":{\"@type\":\"PropertyValueSpecification\",\"valueRequired\":true,\"valueName\":\"search_term_string\"}}],\"inLanguage\":\"en-US\"}]}<\/script>\n<!-- \/ Yoast SEO plugin. -->","yoast_head_json":{"title":"Mont SUTTON","robots":{"index":"index","follow":"follow","max-snippet":"max-snippet:-1","max-image-preview":"max-image-preview:large","max-video-preview":"max-video-preview:-1"},"canonical":"https:\/\/montsutton.com\/en\/purely-sutton\/a-genuine-mountain\/","og_locale":"en_US","og_type":"article","og_title":"Mont SUTTON","og_description":"Mont SUTTON is at the crossroads of nature, with long runs that offer breathtaking views, cozy moments in one of our four rustic chalet-restaurants, a bar that hosts some of the most welcoming apr\u00e8s-skis, and infinite snow. With every other [&hellip;]","og_url":"http:\/\/montsutton.com\/en\/purely-sutton\/a-genuine-mountain\/","og_site_name":"Mont SUTTON","article_publisher":"https:\/\/www.facebook.com\/montsutton","article_modified_time":"2023-08-23T20:41:20+00:00","twitter_card":"summary_large_image","twitter_misc":{"Est. reading time":"3 minutes"},"schema":{"@context":"https:\/\/schema.org","@graph":[{"@type":"WebPage","@id":"https:\/\/montsutton.com\/en\/purely-sutton\/a-genuine-mountain\/","url":"https:\/\/montsutton.com\/en\/purely-sutton\/a-genuine-mountain\/","name":"Mont SUTTON","isPartOf":{"@id":"https:\/\/montsutton.com\/#website"},"datePublished":"2016-06-15T22:01:45+00:00","dateModified":"2023-08-23T20:41:20+00:00","breadcrumb":{"@id":"https:\/\/montsutton.com\/en\/purely-sutton\/a-genuine-mountain\/#breadcrumb"},"inLanguage":"en-US","potentialAction":[{"@type":"ReadAction","target":["https:\/\/montsutton.com\/en\/purely-sutton\/a-genuine-mountain\/"]}]},{"@type":"BreadcrumbList","@id":"https:\/\/montsutton.com\/en\/purely-sutton\/a-genuine-mountain\/#breadcrumb","itemListElement":[{"@type":"ListItem","position":1,"name":"Home","item":"https:\/\/montsutton.com\/en\/"},{"@type":"ListItem","position":2,"name":"Purely Sutton","item":"https:\/\/montsutton.com\/en\/purely-sutton\/"},{"@type":"ListItem","position":3,"name":"Unique skiing in a majestic environment"}]},{"@type":"WebSite","@id":"https:\/\/montsutton.com\/#website","url":"https:\/\/montsutton.com\/","name":"Mont SUTTON","description":"Station de Ski au Qu\u00e9bec dans les Cantons-de-l&#039;Est -","potentialAction":[{"@type":"SearchAction","target":{"@type":"EntryPoint","urlTemplate":"https:\/\/montsutton.com\/?s={search_term_string}"},"query-input":{"@type":"PropertyValueSpecification","valueRequired":true,"valueName":"search_term_string"}}],"inLanguage":"en-US"}]}},"publishpress_future_action":{"enabled":false,"date":"2026-04-23 11:30:50","action":"change-status","newStatus":"draft","terms":[],"taxonomy":"translation_priority","extraData":[]},"publishpress_future_workflow_manual_trigger":{"enabledWorkflows":[]},"_links":{"self":[{"href":"https:\/\/montsutton.com\/en\/wp-json\/wp\/v2\/pages\/4879","targetHints":{"allow":["GET"]}}],"collection":[{"href":"https:\/\/montsutton.com\/en\/wp-json\/wp\/v2\/pages"}],"about":[{"href":"https:\/\/montsutton.com\/en\/wp-json\/wp\/v2\/types\/page"}],"author":[{"embeddable":true,"href":"https:\/\/montsutton.com\/en\/wp-json\/wp\/v2\/users\/23"}],"replies":[{"embeddable":true,"href":"https:\/\/montsutton.com\/en\/wp-json\/wp\/v2\/comments?post=4879"}],"version-history":[{"count":2,"href":"https:\/\/montsutton.com\/en\/wp-json\/wp\/v2\/pages\/4879\/revisions"}],"predecessor-version":[{"id":56147,"href":"https:\/\/montsutton.com\/en\/wp-json\/wp\/v2\/pages\/4879\/revisions\/56147"}],"up":[{"embeddable":true,"href":"https:\/\/montsutton.com\/en\/wp-json\/wp\/v2\/pages\/4204"}],"wp:attachment":[{"href":"https:\/\/montsutton.com\/en\/wp-json\/wp\/v2\/media?parent=4879"}],"curies":[{"name":"wp","href":"https:\/\/api.w.org\/{rel}","templated":true}]}}