{"id":4847,"date":"2015-11-18T16:47:05","date_gmt":"2015-11-18T21:47:05","guid":{"rendered":"http:\/\/montsutton.com\/en\/rate\/season-pass\/passe-telesiege-parc\/"},"modified":"2026-03-11T15:03:41","modified_gmt":"2026-03-11T19:03:41","slug":"rando-ski-pass","status":"publish","type":"page","link":"https:\/\/montsutton.com\/en\/season-passes\/rando-ski-pass\/","title":{"rendered":"Rando-Ski Pass"},"content":{"rendered":"<table style=\"border-collapse: collapse; width: 100%;\" border=\"1\">\n<tbody>\n<tr>\n<td style=\"width: 100%;\">&nbsp;<\/p>\n<p style=\"text-align: center;\"><strong>THIS PASS WILL BE ON SALE AS OF MAY 1ST ONLY.<\/strong><\/p>\n<p style=\"text-align: center;\">\n<p style=\"text-align: center;\"><strong>From May 1st to September 30th, get 10% OFF your pass!<\/strong><\/p>\n<p>&nbsp;<\/td>\n<\/tr>\n<\/tbody>\n<\/table>\n<p>&nbsp;<\/p>\n<p>Put on your climbing skins, start your ascension on our\u00a0<a href=\"https:\/\/montsutton.com\/en\/the-mountain\/alpine-touring\/#:~:text=or%20marked%20trails.-,ALPINE%20TOURING%20MAP,-ALPINE%20TOURING%20EQUIPMENT\">alpine touring trails<\/a> and then feel like you&#8217;ve earned your turns down your favorite SUTTON ski trails. No lift access.<\/p>\n<p>&nbsp;<\/p>\n<p>The Rando-Ski Pass holder commits to respect the <a href=\"https:\/\/montsutton.com\/en\/the-mountain\/alpine-touring\/\"><strong>alpine touring regulations in effect at Mont SUTTON<\/strong><\/a>\u00a0and the <a href=\"https:\/\/montsutton.com\/wp-content\/uploads\/2022\/11\/Code_de_conduite_en_montagne.pdf\">mountain code of conduct<\/a>.<\/p>\n<p>&nbsp;<\/p>\n<p>The Rando-Ski Pass is one of the <a href=\"http:\/\/montsutton.com\/en\/rate\/members-privileges\/\">many privileges<\/a> that comes with the Unlimited Pass (7 days) and the Weekday Pass (from Monday to Friday).<\/p>\n<p>&nbsp;<\/p>\n<table style=\"width: 100%; border-collapse: collapse;\" border=\"0\">\n<tfoot>\n<tr>\n<td style=\"width: 100px; text-align: center;\" colspan=\"2\"><strong>ONLINE PURCHASE COMING SOON<\/strong><\/td>\n<\/tr>\n<\/tfoot>\n<tbody>\n<tr style=\"height: 24px;\">\n<th style=\"width: 40%; text-align: center; height: 24px;\"><strong>RANDO-SKI\u00a0 PASS<\/strong><\/th>\n<th style=\"width: 40%; text-align: center; height: 24px;\"><strong>PRICING<\/strong><\/th>\n<\/tr>\n<tr style=\"height: 24px;\">\n<td style=\"width: 40%; text-align: center; height: 24px;\">Rate per person (any ages)<\/td>\n<td style=\"width: 40%; text-align: center; height: 24px;\"><strong><span style=\"color: #ff0000;\">$143.10<\/span> <del>$159<\/del><\/strong><\/td>\n<\/tr>\n<\/tbody>\n<\/table>\n<p>&nbsp;<\/p>\n<p><span class=\"legal_txt\"><span style=\"text-decoration: underline;\">Conditions<br \/>\n<\/span>Taxes are not included. <\/span><span class=\"legal_txt\">Rates may change without notice.<br \/>\nAll<\/span><span class=\"legal_txt\"> season passes are non refundable, except with the <a href=\"https:\/\/montsutton.com\/wp-content\/uploads\/2024\/02\/CANCELLATION_PROTECTION_INSURANCE_2024-2025.pdf\">Cancellation Protection Program<\/a> subscription.<\/span><\/p>\n","protected":false},"excerpt":{"rendered":"<p>&nbsp; THIS PASS WILL BE ON SALE AS OF MAY 1ST ONLY. From May 1st to September 30th, get 10% OFF your pass! &nbsp; &nbsp; Put on your climbing skins, start your ascension on our\u00a0alpine touring trails and then feel [&hellip;]<\/p>\n","protected":false},"author":23,"featured_media":0,"parent":3766,"menu_order":0,"comment_status":"closed","ping_status":"closed","template":"rates2_card.php","meta":{"_acf_changed":false,"footnotes":""},"class_list":["post-4847","page","type-page","status-publish","hentry"],"acf":{"subtitle":"for alpine touring trails","sidebar-red_title":"You might also like","sidebar-red_repeater":[{"sidebar-red_pass_title":"Little pass","sidebar-red_pass_subtitle":"","sidebar-red_pass_btn_txt":"Learn more","sidebar-red_pass_btn_link":"https:\/\/montsutton.com\/en\/season-passes\/little-pass\/","sidebar-red_pass_btn_link_url":""},{"sidebar-red_pass_title":"Friday pass","sidebar-red_pass_subtitle":"","sidebar-red_pass_btn_txt":"Learn more","sidebar-red_pass_btn_link":"https:\/\/montsutton.com\/en\/season-passes\/friday-pass\/","sidebar-red_pass_btn_link_url":""}],"sidebar_btn_txt":"Buy online","sidebar_btn_link":"https:\/\/montsutton.com\/en\/season-passes\/rando-ski-pass\/?package=1255","sidebar-grey_title":"Easier than ever to buy your pass online!","sidebar-grey_phone_subtitle":"Reach the Call Center","sidebar-grey_tel":"1 866 538-2545, ext. 0","sidebar-grey_btn_form_txt":"Subscribe our newsletter","sidebar-grey_btn_form_link":"https:\/\/montsutton.com\/en\/subscribe\/","full-call_title":"EXCLUSIF AUX MEMBRES","full-call_img":"https:\/\/montsutton.com\/wp-content\/uploads\/2015\/11\/full-call_fichetarif_avantage.jpg","full-call_txt":"Seule votre passe de saison SUTTON illimit\u00e9e ou de semaine (5 jours) vous ouvre la piste \u00e0 autant de rabais et de privil\u00e8ges exclusifs ou gratuits","full-call_btn-txt":"En savoir plus","full-call_btn-link":""},"yoast_head":"<!-- This site is optimized with the Yoast SEO plugin v26.3 - https:\/\/yoast.com\/wordpress\/plugins\/seo\/ -->\n<title>Mont SUTTON<\/title>\n<meta name=\"description\" content=\"Put on your climbing skins, start your ascension on our\u00a0alpine touring trails and then feel like you&#039;ve earned your turns down your favorite SUTTON ski trails\" \/>\n<meta name=\"robots\" content=\"index, follow, max-snippet:-1, max-image-preview:large, max-video-preview:-1\" \/>\n<link rel=\"canonical\" href=\"https:\/\/montsutton.com\/en\/season-passes\/rando-ski-pass\/\" \/>\n<meta property=\"og:locale\" content=\"en_US\" \/>\n<meta property=\"og:type\" content=\"article\" \/>\n<meta property=\"og:title\" content=\"Mont SUTTON\" \/>\n<meta property=\"og:description\" content=\"Put on your climbing skins, start your ascension on our\u00a0alpine touring trails and then feel like you&#039;ve earned your turns down your favorite SUTTON ski trails\" \/>\n<meta property=\"og:url\" content=\"http:\/\/montsutton.com\/en\/season-passes\/rando-ski-pass\/\" \/>\n<meta property=\"og:site_name\" content=\"Mont SUTTON\" \/>\n<meta property=\"article:publisher\" content=\"https:\/\/www.facebook.com\/montsutton\" \/>\n<meta property=\"article:modified_time\" content=\"2026-03-11T19:03:41+00:00\" \/>\n<meta name=\"twitter:card\" content=\"summary_large_image\" \/>\n<meta name=\"twitter:label1\" content=\"Est. reading time\" \/>\n\t<meta name=\"twitter:data1\" content=\"1 minute\" \/>\n<script type=\"application\/ld+json\" class=\"yoast-schema-graph\">{\"@context\":\"https:\/\/schema.org\",\"@graph\":[{\"@type\":\"WebPage\",\"@id\":\"https:\/\/montsutton.com\/en\/season-passes\/rando-ski-pass\/\",\"url\":\"https:\/\/montsutton.com\/en\/season-passes\/rando-ski-pass\/\",\"name\":\"Mont SUTTON\",\"isPartOf\":{\"@id\":\"https:\/\/montsutton.com\/#website\"},\"datePublished\":\"2015-11-18T21:47:05+00:00\",\"dateModified\":\"2026-03-11T19:03:41+00:00\",\"description\":\"Put on your climbing skins, start your ascension on our\u00a0alpine touring trails and then feel like you've earned your turns down your favorite SUTTON ski trails\",\"breadcrumb\":{\"@id\":\"https:\/\/montsutton.com\/en\/season-passes\/rando-ski-pass\/#breadcrumb\"},\"inLanguage\":\"en-US\",\"potentialAction\":[{\"@type\":\"ReadAction\",\"target\":[\"https:\/\/montsutton.com\/en\/season-passes\/rando-ski-pass\/\"]}]},{\"@type\":\"BreadcrumbList\",\"@id\":\"https:\/\/montsutton.com\/en\/season-passes\/rando-ski-pass\/#breadcrumb\",\"itemListElement\":[{\"@type\":\"ListItem\",\"position\":1,\"name\":\"Home\",\"item\":\"https:\/\/montsutton.com\/en\/\"},{\"@type\":\"ListItem\",\"position\":2,\"name\":\"Season Passes\",\"item\":\"https:\/\/montsutton.com\/en\/season-passes\/\"},{\"@type\":\"ListItem\",\"position\":3,\"name\":\"Rando-Ski Pass\"}]},{\"@type\":\"WebSite\",\"@id\":\"https:\/\/montsutton.com\/#website\",\"url\":\"https:\/\/montsutton.com\/\",\"name\":\"Mont SUTTON\",\"description\":\"Station de Ski au Qu\u00e9bec dans les Cantons-de-l&#039;Est -\",\"potentialAction\":[{\"@type\":\"SearchAction\",\"target\":{\"@type\":\"EntryPoint\",\"urlTemplate\":\"https:\/\/montsutton.com\/?s={search_term_string}\"},\"query-input\":{\"@type\":\"PropertyValueSpecification\",\"valueRequired\":true,\"valueName\":\"search_term_string\"}}],\"inLanguage\":\"en-US\"}]}<\/script>\n<!-- \/ Yoast SEO plugin. -->","yoast_head_json":{"title":"Mont SUTTON","description":"Put on your climbing skins, start your ascension on our\u00a0alpine touring trails and then feel like you've earned your turns down your favorite SUTTON ski trails","robots":{"index":"index","follow":"follow","max-snippet":"max-snippet:-1","max-image-preview":"max-image-preview:large","max-video-preview":"max-video-preview:-1"},"canonical":"https:\/\/montsutton.com\/en\/season-passes\/rando-ski-pass\/","og_locale":"en_US","og_type":"article","og_title":"Mont SUTTON","og_description":"Put on your climbing skins, start your ascension on our\u00a0alpine touring trails and then feel like you've earned your turns down your favorite SUTTON ski trails","og_url":"http:\/\/montsutton.com\/en\/season-passes\/rando-ski-pass\/","og_site_name":"Mont SUTTON","article_publisher":"https:\/\/www.facebook.com\/montsutton","article_modified_time":"2026-03-11T19:03:41+00:00","twitter_card":"summary_large_image","twitter_misc":{"Est. reading time":"1 minute"},"schema":{"@context":"https:\/\/schema.org","@graph":[{"@type":"WebPage","@id":"https:\/\/montsutton.com\/en\/season-passes\/rando-ski-pass\/","url":"https:\/\/montsutton.com\/en\/season-passes\/rando-ski-pass\/","name":"Mont SUTTON","isPartOf":{"@id":"https:\/\/montsutton.com\/#website"},"datePublished":"2015-11-18T21:47:05+00:00","dateModified":"2026-03-11T19:03:41+00:00","description":"Put on your climbing skins, start your ascension on our\u00a0alpine touring trails and then feel like you've earned your turns down your favorite SUTTON ski trails","breadcrumb":{"@id":"https:\/\/montsutton.com\/en\/season-passes\/rando-ski-pass\/#breadcrumb"},"inLanguage":"en-US","potentialAction":[{"@type":"ReadAction","target":["https:\/\/montsutton.com\/en\/season-passes\/rando-ski-pass\/"]}]},{"@type":"BreadcrumbList","@id":"https:\/\/montsutton.com\/en\/season-passes\/rando-ski-pass\/#breadcrumb","itemListElement":[{"@type":"ListItem","position":1,"name":"Home","item":"https:\/\/montsutton.com\/en\/"},{"@type":"ListItem","position":2,"name":"Season Passes","item":"https:\/\/montsutton.com\/en\/season-passes\/"},{"@type":"ListItem","position":3,"name":"Rando-Ski Pass"}]},{"@type":"WebSite","@id":"https:\/\/montsutton.com\/#website","url":"https:\/\/montsutton.com\/","name":"Mont SUTTON","description":"Station de Ski au Qu\u00e9bec dans les Cantons-de-l&#039;Est -","potentialAction":[{"@type":"SearchAction","target":{"@type":"EntryPoint","urlTemplate":"https:\/\/montsutton.com\/?s={search_term_string}"},"query-input":{"@type":"PropertyValueSpecification","valueRequired":true,"valueName":"search_term_string"}}],"inLanguage":"en-US"}]}},"publishpress_future_action":{"enabled":false,"date":"2026-04-19 12:09:28","action":"change-status","newStatus":"draft","terms":[],"taxonomy":"translation_priority","extraData":[]},"publishpress_future_workflow_manual_trigger":{"enabledWorkflows":[]},"_links":{"self":[{"href":"https:\/\/montsutton.com\/en\/wp-json\/wp\/v2\/pages\/4847","targetHints":{"allow":["GET"]}}],"collection":[{"href":"https:\/\/montsutton.com\/en\/wp-json\/wp\/v2\/pages"}],"about":[{"href":"https:\/\/montsutton.com\/en\/wp-json\/wp\/v2\/types\/page"}],"author":[{"embeddable":true,"href":"https:\/\/montsutton.com\/en\/wp-json\/wp\/v2\/users\/23"}],"replies":[{"embeddable":true,"href":"https:\/\/montsutton.com\/en\/wp-json\/wp\/v2\/comments?post=4847"}],"version-history":[{"count":8,"href":"https:\/\/montsutton.com\/en\/wp-json\/wp\/v2\/pages\/4847\/revisions"}],"predecessor-version":[{"id":77329,"href":"https:\/\/montsutton.com\/en\/wp-json\/wp\/v2\/pages\/4847\/revisions\/77329"}],"up":[{"embeddable":true,"href":"https:\/\/montsutton.com\/en\/wp-json\/wp\/v2\/pages\/3766"}],"wp:attachment":[{"href":"https:\/\/montsutton.com\/en\/wp-json\/wp\/v2\/media?parent=4847"}],"curies":[{"name":"wp","href":"https:\/\/api.w.org\/{rel}","templated":true}]}}