{"id":4616,"date":"2015-11-18T17:03:24","date_gmt":"2015-11-18T22:03:24","guid":{"rendered":"http:\/\/montsutton.com\/en\/rate\/billets-de-ski\/"},"modified":"2023-03-18T12:51:01","modified_gmt":"2023-03-18T16:51:01","slug":"ski-tickets","status":"publish","type":"page","link":"https:\/\/montsutton.com\/en\/ski-tickets\/","title":{"rendered":"Ski Tickets"},"content":{"rendered":"<p>Discover our different ski and snowboard tickets. Choose amongst the many options created with your needs in mind, whether you are looking for a Purely SUTTON experience on your own, with a group or with your family.<\/p>\n","protected":false},"excerpt":{"rendered":"<p>Discover our different ski and snowboard tickets. Choose amongst the many options created with your needs in mind, whether you are looking for a Purely SUTTON experience on your own, with a group or with your family.<\/p>\n","protected":false},"author":23,"featured_media":0,"parent":0,"menu_order":0,"comment_status":"closed","ping_status":"closed","template":"lift-tickets.php","meta":{"_acf_changed":false,"footnotes":""},"class_list":["post-4616","page","type-page","status-publish","hentry"],"acf":{"season-tickets_banner":"https:\/\/montsutton.com\/wp-content\/uploads\/2015\/11\/banner_tarif_billetsdeski.jpg","call_title":"Avantage aux membres","call_img":"https:\/\/montsutton.com\/wp-content\/uploads\/2015\/11\/full-call_fichetarif_avantage.jpg","call_txt":"En savoir plus","call_btn-txt":"En savoir plus","call_btn-link":"https:\/\/montsutton.com\/en\/","individual-tickets_title":"Abonnements Individuels","individual-tickets_repeater":false,"youth-tickets_title":"Abonnements 18-35 ans","youth-tickets_repeater":false,"family-tickets_title":"Parfait pour la famille","family-tickets_repeater":false,"sidebar_btn_txt":"Abonnez-vous en ligne","sidebar_btn_link":"","sidebar-grey_title":"Autre fa\u00e7on de s'abonner","sidebar-grey_phone_subtitle":"T\u00e9l\u00e9phone","sidebar-grey_tel":"1 866 538-2545","sidebar-grey_contact_subtitle":"T\u00e9l\u00e9copieur et Poste","sidebar-grey_btn_form_txt":"Formulaire PDF","sidebar-grey_btn_form_link":false,"lift-tickets_banner":"https:\/\/montsutton.com\/wp-content\/uploads\/2015\/11\/banner_tarif_billetsdeski.jpg","lift-tickets-day_title":"Daily ticket","lift-tickets-day_repeater":[{"lift-tickets-day_title":"Ski<br>tickets","lift-tickets-day_subtitle":"1-day, afternoon, Family Zone...","lift-tickets-day_link":"https:\/\/montsutton.com\/en\/ski-tickets\/individual-rates\/"},{"lift-tickets-day_title":"Touring<br>tickets","lift-tickets-day_subtitle":"Ascension Trail access","lift-tickets-day_link":"https:\/\/montsutton.com\/en\/the-mountain\/alpine-touring\/"}],"lift-tickets-corpo_title":"For businesses","lift-tickets-corpo_repeater":[{"lift-tickets-corpo_title":"Corporate tickets","lift-tickets-corpo_subtitle":"25 tickets and more","lift-tickets-corpo_link":"https:\/\/montsutton.com\/en\/ski-tickets\/corporate-tickets\/"}],"lift-tickets-group_title":"Group","lift-tickets-group_repeater":[{"lift-tickets-group_title":"20 people<br>and over","lift-tickets-group_subtitle":"Group rates","lift-tickets-group_link":"https:\/\/montsutton.com\/en\/ski-tickets\/20-people-or-more\/"},{"lift-tickets-group_title":"School Groups","lift-tickets-group_subtitle":"On weekdays","lift-tickets-group_link":"https:\/\/montsutton.com\/en\/ski-tickets\/school-group\/"}],"lift-tickets-special_title":"Themed days","lift-tickets-special_repeater":[{"lift-tickets-special_title":"Tuesdays <br>50+ Club","lift-tickets-special_subtitle":"From January 7 to February 11","lift-tickets-special_link":"https:\/\/montsutton.com\/en\/?page_id=4645"},{"lift-tickets-special_title":"Wednesdays <br>Suits & ties","lift-tickets-special_subtitle":"From January 8 to February 12","lift-tickets-special_link":"https:\/\/montsutton.com\/en\/?page_id=4647"},{"lift-tickets-special_title":"Thursdays <br>Divas on skis","lift-tickets-special_subtitle":"From January 9 to February 13","lift-tickets-special_link":"https:\/\/montsutton.com\/en\/?page_id=4646"}],"lift-tickets-multi_title":"Flexible multi-day","lift-tickets-multi_repeater":[{"lift-tickets-multi_title":"SUTTON <br>Cards","lift-tickets-multi_subtitle":"From 2 to 5 days<br>of your choice","lift-tickets-multi_link":"https:\/\/montsutton.com\/en\/ski-tickets\/sutton-card\/"}]},"yoast_head":"<!-- This site is optimized with the Yoast SEO plugin v26.3 - https:\/\/yoast.com\/wordpress\/plugins\/seo\/ -->\n<title>Mont SUTTON<\/title>\n<meta name=\"robots\" content=\"index, follow, max-snippet:-1, max-image-preview:large, max-video-preview:-1\" \/>\n<link rel=\"canonical\" href=\"https:\/\/montsutton.com\/en\/ski-tickets\/\" \/>\n<meta property=\"og:locale\" content=\"en_US\" \/>\n<meta property=\"og:type\" content=\"article\" \/>\n<meta property=\"og:title\" content=\"Mont SUTTON\" \/>\n<meta property=\"og:description\" content=\"Discover our different ski and snowboard tickets. Choose amongst the many options created with your needs in mind, whether you are looking for a Purely SUTTON experience on your own, with a group or with your family.\" \/>\n<meta property=\"og:url\" content=\"http:\/\/montsutton.com\/en\/ski-tickets\/\" \/>\n<meta property=\"og:site_name\" content=\"Mont SUTTON\" \/>\n<meta property=\"article:publisher\" content=\"https:\/\/www.facebook.com\/montsutton\" \/>\n<meta property=\"article:modified_time\" content=\"2023-03-18T16:51:01+00:00\" \/>\n<meta name=\"twitter:card\" content=\"summary_large_image\" \/>\n<meta name=\"twitter:label1\" content=\"Est. reading time\" \/>\n\t<meta name=\"twitter:data1\" content=\"1 minute\" \/>\n<script type=\"application\/ld+json\" class=\"yoast-schema-graph\">{\"@context\":\"https:\/\/schema.org\",\"@graph\":[{\"@type\":\"WebPage\",\"@id\":\"https:\/\/montsutton.com\/en\/ski-tickets\/\",\"url\":\"https:\/\/montsutton.com\/en\/ski-tickets\/\",\"name\":\"Mont SUTTON\",\"isPartOf\":{\"@id\":\"https:\/\/montsutton.com\/#website\"},\"datePublished\":\"2015-11-18T22:03:24+00:00\",\"dateModified\":\"2023-03-18T16:51:01+00:00\",\"breadcrumb\":{\"@id\":\"https:\/\/montsutton.com\/en\/ski-tickets\/#breadcrumb\"},\"inLanguage\":\"en-US\",\"potentialAction\":[{\"@type\":\"ReadAction\",\"target\":[\"https:\/\/montsutton.com\/en\/ski-tickets\/\"]}]},{\"@type\":\"BreadcrumbList\",\"@id\":\"https:\/\/montsutton.com\/en\/ski-tickets\/#breadcrumb\",\"itemListElement\":[{\"@type\":\"ListItem\",\"position\":1,\"name\":\"Home\",\"item\":\"https:\/\/montsutton.com\/en\/\"},{\"@type\":\"ListItem\",\"position\":2,\"name\":\"Ski Tickets\"}]},{\"@type\":\"WebSite\",\"@id\":\"https:\/\/montsutton.com\/#website\",\"url\":\"https:\/\/montsutton.com\/\",\"name\":\"Mont SUTTON\",\"description\":\"Station de Ski au Qu\u00e9bec dans les Cantons-de-l&#039;Est -\",\"potentialAction\":[{\"@type\":\"SearchAction\",\"target\":{\"@type\":\"EntryPoint\",\"urlTemplate\":\"https:\/\/montsutton.com\/?s={search_term_string}\"},\"query-input\":{\"@type\":\"PropertyValueSpecification\",\"valueRequired\":true,\"valueName\":\"search_term_string\"}}],\"inLanguage\":\"en-US\"}]}<\/script>\n<!-- \/ Yoast SEO plugin. -->","yoast_head_json":{"title":"Mont SUTTON","robots":{"index":"index","follow":"follow","max-snippet":"max-snippet:-1","max-image-preview":"max-image-preview:large","max-video-preview":"max-video-preview:-1"},"canonical":"https:\/\/montsutton.com\/en\/ski-tickets\/","og_locale":"en_US","og_type":"article","og_title":"Mont SUTTON","og_description":"Discover our different ski and snowboard tickets. Choose amongst the many options created with your needs in mind, whether you are looking for a Purely SUTTON experience on your own, with a group or with your family.","og_url":"http:\/\/montsutton.com\/en\/ski-tickets\/","og_site_name":"Mont SUTTON","article_publisher":"https:\/\/www.facebook.com\/montsutton","article_modified_time":"2023-03-18T16:51:01+00:00","twitter_card":"summary_large_image","twitter_misc":{"Est. reading time":"1 minute"},"schema":{"@context":"https:\/\/schema.org","@graph":[{"@type":"WebPage","@id":"https:\/\/montsutton.com\/en\/ski-tickets\/","url":"https:\/\/montsutton.com\/en\/ski-tickets\/","name":"Mont SUTTON","isPartOf":{"@id":"https:\/\/montsutton.com\/#website"},"datePublished":"2015-11-18T22:03:24+00:00","dateModified":"2023-03-18T16:51:01+00:00","breadcrumb":{"@id":"https:\/\/montsutton.com\/en\/ski-tickets\/#breadcrumb"},"inLanguage":"en-US","potentialAction":[{"@type":"ReadAction","target":["https:\/\/montsutton.com\/en\/ski-tickets\/"]}]},{"@type":"BreadcrumbList","@id":"https:\/\/montsutton.com\/en\/ski-tickets\/#breadcrumb","itemListElement":[{"@type":"ListItem","position":1,"name":"Home","item":"https:\/\/montsutton.com\/en\/"},{"@type":"ListItem","position":2,"name":"Ski Tickets"}]},{"@type":"WebSite","@id":"https:\/\/montsutton.com\/#website","url":"https:\/\/montsutton.com\/","name":"Mont SUTTON","description":"Station de Ski au Qu\u00e9bec dans les Cantons-de-l&#039;Est -","potentialAction":[{"@type":"SearchAction","target":{"@type":"EntryPoint","urlTemplate":"https:\/\/montsutton.com\/?s={search_term_string}"},"query-input":{"@type":"PropertyValueSpecification","valueRequired":true,"valueName":"search_term_string"}}],"inLanguage":"en-US"}]}},"publishpress_future_action":{"enabled":false,"date":"2026-04-27 23:44:58","action":"change-status","newStatus":"draft","terms":[],"taxonomy":"translation_priority","extraData":[]},"publishpress_future_workflow_manual_trigger":{"enabledWorkflows":[]},"_links":{"self":[{"href":"https:\/\/montsutton.com\/en\/wp-json\/wp\/v2\/pages\/4616","targetHints":{"allow":["GET"]}}],"collection":[{"href":"https:\/\/montsutton.com\/en\/wp-json\/wp\/v2\/pages"}],"about":[{"href":"https:\/\/montsutton.com\/en\/wp-json\/wp\/v2\/types\/page"}],"author":[{"embeddable":true,"href":"https:\/\/montsutton.com\/en\/wp-json\/wp\/v2\/users\/23"}],"replies":[{"embeddable":true,"href":"https:\/\/montsutton.com\/en\/wp-json\/wp\/v2\/comments?post=4616"}],"version-history":[{"count":3,"href":"https:\/\/montsutton.com\/en\/wp-json\/wp\/v2\/pages\/4616\/revisions"}],"predecessor-version":[{"id":52814,"href":"https:\/\/montsutton.com\/en\/wp-json\/wp\/v2\/pages\/4616\/revisions\/52814"}],"wp:attachment":[{"href":"https:\/\/montsutton.com\/en\/wp-json\/wp\/v2\/media?parent=4616"}],"curies":[{"name":"wp","href":"https:\/\/api.w.org\/{rel}","templated":true}]}}