{"id":3766,"date":"2015-11-19T10:47:48","date_gmt":"2015-11-19T15:47:48","guid":{"rendered":"http:\/\/montsutton.com\/en\/abonnements-de-saison\/"},"modified":"2026-03-18T17:18:24","modified_gmt":"2026-03-18T21:18:24","slug":"season-passes","status":"publish","type":"page","link":"https:\/\/montsutton.com\/en\/season-passes\/","title":{"rendered":"Season Passes"},"content":{"rendered":"<p style=\"text-align: center;\">Unlimited and weekday (5-day) passes are now on sale for the 2026-2027 season.\u00a0<span style=\"color: #ff0000;\"><strong>Take advantage of a 15% discount until April 30, 2026, and ski now and all of next winter!<\/strong><\/span><\/p>\n<p style=\"text-align: center;\">Take a look at our\u00a0<strong>Family Pass<\/strong>, more accessible than ever! It is advantageous for both single-parent families and large families!<\/p>\n<p style=\"text-align: center;\">Then, starting May 1, take advantage of a <span style=\"color: #ff0000;\"><strong>10% discount on all pass types until September 30!<\/strong><\/span><\/p>\n<p style=\"text-align: center;\">SUTTON enthusiast? Student? Family? New parents? Alpine touring fan? There is a season pass to meet your needs! Choose the one that\u2019s right for you!<\/p>\n","protected":false},"excerpt":{"rendered":"<p>Unlimited and weekday (5-day) passes are now on sale for the 2026-2027 season.\u00a0Take advantage of a 15% discount until April 30, 2026, and ski now and all of next winter! Take a look at our\u00a0Family Pass, more accessible than ever! [&hellip;]<\/p>\n","protected":false},"author":23,"featured_media":0,"parent":0,"menu_order":0,"comment_status":"closed","ping_status":"closed","template":"season-tickets.php","meta":{"_acf_changed":false,"footnotes":""},"class_list":["post-3766","page","type-page","status-publish","hentry"],"acf":{"rates_banner":false,"season-tickets_banner":"https:\/\/montsutton.com\/wp-content\/uploads\/2026\/03\/Banniere-web-EN-1.jpg","call_title":"Privileges for members","call_img":"https:\/\/montsutton.com\/wp-content\/uploads\/2015\/11\/full-call_fichetarif_avantage.jpg","call_txt":"Only your 5-Day and 7-Day 2025-2026 SUTTON season pass opens the door to all these discounts and free exclusive benefits* all year long!","call_btn-txt":"Find out more","call_btn-link":"https:\/\/montsutton.com\/en\/members-privileges\/","individual-tickets_title":"Individual Season Passes","individual-tickets_repeater":[{"individual-tickets_title":"Unlimited<br>Pass","individual-tickets_subtitle":"7 days a week","individual-tickets_link":"https:\/\/montsutton.com\/en\/season-passes\/7-day-pass-2\/"},{"individual-tickets_title":"Weekday<br>Pass","individual-tickets_subtitle":"Monday to Friday","individual-tickets_link":"https:\/\/montsutton.com\/en\/season-passes\/5-day-pass\/"},{"individual-tickets_title":"Monday<br>Pass","individual-tickets_subtitle":"On sale as of May 1st","individual-tickets_link":"https:\/\/montsutton.com\/en\/season-passes\/monday-pass\/"},{"individual-tickets_title":"Friday<br>Pass","individual-tickets_subtitle":"On sale as of May 1st","individual-tickets_link":"https:\/\/montsutton.com\/en\/season-passes\/friday-pass\/"},{"individual-tickets_title":"Little<br>Pass","individual-tickets_subtitle":"On sale as of May 1st","individual-tickets_link":"https:\/\/montsutton.com\/en\/season-passes\/little-pass\/"},{"individual-tickets_title":"Rando-ski<br>Pass","individual-tickets_subtitle":"On sale as of May 1st","individual-tickets_link":"https:\/\/montsutton.com\/en\/season-passes\/rando-ski-pass\/"},{"individual-tickets_title":"Spring<br>Pass","individual-tickets_subtitle":"Starting March 20","individual-tickets_link":"https:\/\/montsutton.com\/en\/season-passes\/spring-pass\/"}],"youth-tickets_title":"Season Passes for 14-35","youth-tickets_repeater":[{"youth-tickets_title":"2 x 2<br>Pass","youth-tickets_subtitle":"Students 14-25","youth-tickets_link":"https:\/\/montsutton.com\/en\/season-passes\/2x2-pass\/"},{"youth-tickets_title":"4 x 4<br>Pass","youth-tickets_subtitle":"Adults 18-35 ","youth-tickets_link":"https:\/\/montsutton.com\/en\/season-passes\/4x4-pass\/"}],"family-tickets_title":"Family Season Passes","family-tickets_repeater":[{"family-tickets_title":"New Parents","family-tickets_subtitle":"A pass to share","family-tickets_link":"https:\/\/montsutton.com\/en\/season-passes\/new-parents-pass\/"},{"family-tickets_title":"Family <br> Pass","family-tickets_subtitle":"For any parent with 1 or more children","family-tickets_link":"https:\/\/montsutton.com\/en\/season-passes\/family-pass\/"},{"family-tickets_title":"Ped Day Pass","family-tickets_subtitle":"On sale as of May 1st","family-tickets_link":"https:\/\/montsutton.com\/en\/season-passes\/ped-days-pass\/"}],"sidebar_btn_txt":"Abonnez-vous en ligne","sidebar_btn_link":"","sidebar-grey_title":"Autre fa\u00e7on de s'abonner","sidebar-grey_phone_subtitle":"T\u00e9l\u00e9phone","sidebar-grey_tel":"1 866 538-2545","sidebar-grey_contact_subtitle":"T\u00e9l\u00e9copieur et Poste","sidebar-grey_btn_form_txt":"Formulaire PDF","sidebar-grey_btn_form_link":false},"yoast_head":"<!-- This site is optimized with the Yoast SEO plugin v26.3 - https:\/\/yoast.com\/wordpress\/plugins\/seo\/ -->\n<title>Mont SUTTON<\/title>\n<meta name=\"robots\" content=\"index, follow, max-snippet:-1, max-image-preview:large, max-video-preview:-1\" \/>\n<link rel=\"canonical\" href=\"https:\/\/montsutton.com\/en\/season-passes\/\" \/>\n<meta property=\"og:locale\" content=\"en_US\" \/>\n<meta property=\"og:type\" content=\"article\" \/>\n<meta property=\"og:title\" content=\"Mont SUTTON\" \/>\n<meta property=\"og:description\" content=\"Unlimited and weekday (5-day) passes are now on sale for the 2026-2027 season.\u00a0Take advantage of a 15% discount until April 30, 2026, and ski now and all of next winter! Take a look at our\u00a0Family Pass, more accessible than ever! [&hellip;]\" \/>\n<meta property=\"og:url\" content=\"http:\/\/montsutton.com\/en\/season-passes\/\" \/>\n<meta property=\"og:site_name\" content=\"Mont SUTTON\" \/>\n<meta property=\"article:publisher\" content=\"https:\/\/www.facebook.com\/montsutton\" \/>\n<meta property=\"article:modified_time\" content=\"2026-03-18T21:18:24+00:00\" \/>\n<meta name=\"twitter:card\" content=\"summary_large_image\" \/>\n<meta name=\"twitter:label1\" content=\"Est. reading time\" \/>\n\t<meta name=\"twitter:data1\" content=\"1 minute\" \/>\n<script type=\"application\/ld+json\" class=\"yoast-schema-graph\">{\"@context\":\"https:\/\/schema.org\",\"@graph\":[{\"@type\":\"WebPage\",\"@id\":\"https:\/\/montsutton.com\/en\/season-passes\/\",\"url\":\"https:\/\/montsutton.com\/en\/season-passes\/\",\"name\":\"Mont SUTTON\",\"isPartOf\":{\"@id\":\"https:\/\/montsutton.com\/#website\"},\"datePublished\":\"2015-11-19T15:47:48+00:00\",\"dateModified\":\"2026-03-18T21:18:24+00:00\",\"breadcrumb\":{\"@id\":\"https:\/\/montsutton.com\/en\/season-passes\/#breadcrumb\"},\"inLanguage\":\"en-US\",\"potentialAction\":[{\"@type\":\"ReadAction\",\"target\":[\"https:\/\/montsutton.com\/en\/season-passes\/\"]}]},{\"@type\":\"BreadcrumbList\",\"@id\":\"https:\/\/montsutton.com\/en\/season-passes\/#breadcrumb\",\"itemListElement\":[{\"@type\":\"ListItem\",\"position\":1,\"name\":\"Home\",\"item\":\"https:\/\/montsutton.com\/en\/\"},{\"@type\":\"ListItem\",\"position\":2,\"name\":\"Season Passes\"}]},{\"@type\":\"WebSite\",\"@id\":\"https:\/\/montsutton.com\/#website\",\"url\":\"https:\/\/montsutton.com\/\",\"name\":\"Mont SUTTON\",\"description\":\"Station de Ski au Qu\u00e9bec dans les Cantons-de-l&#039;Est -\",\"potentialAction\":[{\"@type\":\"SearchAction\",\"target\":{\"@type\":\"EntryPoint\",\"urlTemplate\":\"https:\/\/montsutton.com\/?s={search_term_string}\"},\"query-input\":{\"@type\":\"PropertyValueSpecification\",\"valueRequired\":true,\"valueName\":\"search_term_string\"}}],\"inLanguage\":\"en-US\"}]}<\/script>\n<!-- \/ Yoast SEO plugin. -->","yoast_head_json":{"title":"Mont SUTTON","robots":{"index":"index","follow":"follow","max-snippet":"max-snippet:-1","max-image-preview":"max-image-preview:large","max-video-preview":"max-video-preview:-1"},"canonical":"https:\/\/montsutton.com\/en\/season-passes\/","og_locale":"en_US","og_type":"article","og_title":"Mont SUTTON","og_description":"Unlimited and weekday (5-day) passes are now on sale for the 2026-2027 season.\u00a0Take advantage of a 15% discount until April 30, 2026, and ski now and all of next winter! Take a look at our\u00a0Family Pass, more accessible than ever! [&hellip;]","og_url":"http:\/\/montsutton.com\/en\/season-passes\/","og_site_name":"Mont SUTTON","article_publisher":"https:\/\/www.facebook.com\/montsutton","article_modified_time":"2026-03-18T21:18:24+00:00","twitter_card":"summary_large_image","twitter_misc":{"Est. reading time":"1 minute"},"schema":{"@context":"https:\/\/schema.org","@graph":[{"@type":"WebPage","@id":"https:\/\/montsutton.com\/en\/season-passes\/","url":"https:\/\/montsutton.com\/en\/season-passes\/","name":"Mont SUTTON","isPartOf":{"@id":"https:\/\/montsutton.com\/#website"},"datePublished":"2015-11-19T15:47:48+00:00","dateModified":"2026-03-18T21:18:24+00:00","breadcrumb":{"@id":"https:\/\/montsutton.com\/en\/season-passes\/#breadcrumb"},"inLanguage":"en-US","potentialAction":[{"@type":"ReadAction","target":["https:\/\/montsutton.com\/en\/season-passes\/"]}]},{"@type":"BreadcrumbList","@id":"https:\/\/montsutton.com\/en\/season-passes\/#breadcrumb","itemListElement":[{"@type":"ListItem","position":1,"name":"Home","item":"https:\/\/montsutton.com\/en\/"},{"@type":"ListItem","position":2,"name":"Season Passes"}]},{"@type":"WebSite","@id":"https:\/\/montsutton.com\/#website","url":"https:\/\/montsutton.com\/","name":"Mont SUTTON","description":"Station de Ski au Qu\u00e9bec dans les Cantons-de-l&#039;Est -","potentialAction":[{"@type":"SearchAction","target":{"@type":"EntryPoint","urlTemplate":"https:\/\/montsutton.com\/?s={search_term_string}"},"query-input":{"@type":"PropertyValueSpecification","valueRequired":true,"valueName":"search_term_string"}}],"inLanguage":"en-US"}]}},"publishpress_future_action":{"enabled":false,"date":"2026-04-15 05:51:55","action":"change-status","newStatus":"draft","terms":[],"taxonomy":"translation_priority","extraData":[]},"publishpress_future_workflow_manual_trigger":{"enabledWorkflows":[]},"_links":{"self":[{"href":"https:\/\/montsutton.com\/en\/wp-json\/wp\/v2\/pages\/3766","targetHints":{"allow":["GET"]}}],"collection":[{"href":"https:\/\/montsutton.com\/en\/wp-json\/wp\/v2\/pages"}],"about":[{"href":"https:\/\/montsutton.com\/en\/wp-json\/wp\/v2\/types\/page"}],"author":[{"embeddable":true,"href":"https:\/\/montsutton.com\/en\/wp-json\/wp\/v2\/users\/23"}],"replies":[{"embeddable":true,"href":"https:\/\/montsutton.com\/en\/wp-json\/wp\/v2\/comments?post=3766"}],"version-history":[{"count":6,"href":"https:\/\/montsutton.com\/en\/wp-json\/wp\/v2\/pages\/3766\/revisions"}],"predecessor-version":[{"id":77771,"href":"https:\/\/montsutton.com\/en\/wp-json\/wp\/v2\/pages\/3766\/revisions\/77771"}],"wp:attachment":[{"href":"https:\/\/montsutton.com\/en\/wp-json\/wp\/v2\/media?parent=3766"}],"curies":[{"name":"wp","href":"https:\/\/api.w.org\/{rel}","templated":true}]}}