{"id":15292,"date":"2017-10-19T12:05:54","date_gmt":"2017-10-19T16:05:54","guid":{"rendered":"http:\/\/montsutton.com\/en\/?page_id=15292"},"modified":"2024-09-10T15:43:36","modified_gmt":"2024-09-10T19:43:36","slug":"charging-stations","status":"publish","type":"page","link":"https:\/\/montsutton.com\/en\/join-us\/parking\/charging-stations\/","title":{"rendered":"Charging Stations"},"content":{"rendered":"<p>Mont SUTTON has 10 charging stations for electric vehicles (EV) located in the P2B parking lot. Of these, 1 is a Tesla charger, 4 a Porsche and universal, and 5 are universal 240 V ClipperCreek chargers. You can charge your batteries for free between 8 a.m. and 7 p.m. every day!*<\/p>\n<p>&nbsp;<\/p>\n<p>Parking spaces are therefore reserved for electro-motorists who need to charge their vehicle. Eco-driving is everyone\u2019s responsibility. We believe in the cooperation of every road user to respect the reserved parking spaces.<\/p>\n<p>&nbsp;<\/p>\n<p>Drivers of gasoline cars have access to any other parking space! Keep in mind that an EV driver who needs to recharge his batteries, will be caught off guard if there are no charging stations available!<\/p>\n<p>&nbsp;<\/p>\n<p>The same goes for electro-drivers who do not have to connect their vehicle and who still use a space dedicated to a charging station. If you are already charged when you arrive, do not have the battery fuller than the belly!<\/p>\n<p>&nbsp;<\/p>\n<p>In addition, other terminals are available in the Sutton village if you want to connect your car during your after-ski. Refuel both you and your VE!<\/p>\n<p>&nbsp;<\/p>\n<p>Mont SUTTON wishes you a good refill and hopes that your eco-driving has been made easier!<\/p>\n<p>&nbsp;<\/p>\n<p>For more information about good ways to use charging stations, visit the <a href=\"https:\/\/www.aveq.ca\/reacuteseaux-de-bornes.html\" target=\"_blank\" rel=\"noopener noreferrer\"><em>guide d&#8217;utilisation des r\u00e9seaux de bornes publiques au Qu\u00e9bec et alentours<\/em><\/a> \u00a0(French only) of the <em>Association des V\u00e9hicules \u00c9lectriques du Qu\u00e9bec<\/em>.<\/p>\n<p>&nbsp;<\/p>\n<p><em>* For logistical reasons, it is forbidden to leave your car in this parking lot between 7pm and 8am the next day. Thank you for your cooperation!<\/em><\/p>\n","protected":false},"excerpt":{"rendered":"<p>Mont SUTTON has 10 charging stations for electric vehicles (EV) located in the P2B parking lot. Of these, 1 is a Tesla charger, 4 a Porsche and universal, and 5 are universal 240 V ClipperCreek chargers. You can charge your [&hellip;]<\/p>\n","protected":false},"author":10,"featured_media":0,"parent":4393,"menu_order":0,"comment_status":"closed","ping_status":"closed","template":"","meta":{"_acf_changed":false,"footnotes":""},"class_list":["post-15292","page","type-page","status-publish","hentry"],"acf":{"page_banner":"https:\/\/montsutton.com\/wp-content\/uploads\/2017\/10\/Bornes-eletrique-sutton.jpg","page_subtitle":"Mont SUTTON electrified!"},"yoast_head":"<!-- This site is optimized with the Yoast SEO plugin v26.3 - https:\/\/yoast.com\/wordpress\/plugins\/seo\/ -->\n<title>Mont SUTTON<\/title>\n<meta name=\"description\" content=\"Mont SUTTON has 10 charging stations for electric vehicles (EV)\" \/>\n<meta name=\"robots\" content=\"index, follow, max-snippet:-1, max-image-preview:large, max-video-preview:-1\" \/>\n<link rel=\"canonical\" href=\"https:\/\/montsutton.com\/en\/join-us\/parking\/charging-stations\/\" \/>\n<meta property=\"og:locale\" content=\"en_US\" \/>\n<meta property=\"og:type\" content=\"article\" \/>\n<meta property=\"og:title\" content=\"Mont SUTTON\" \/>\n<meta property=\"og:description\" content=\"Mont SUTTON has 10 charging stations for electric vehicles (EV)\" \/>\n<meta property=\"og:url\" content=\"http:\/\/montsutton.com\/en\/join-us\/parking\/charging-stations\/\" \/>\n<meta property=\"og:site_name\" content=\"Mont SUTTON\" \/>\n<meta property=\"article:publisher\" content=\"https:\/\/www.facebook.com\/montsutton\" \/>\n<meta property=\"article:modified_time\" content=\"2024-09-10T19:43:36+00:00\" \/>\n<meta name=\"twitter:card\" content=\"summary_large_image\" \/>\n<meta name=\"twitter:label1\" content=\"Est. reading time\" \/>\n\t<meta name=\"twitter:data1\" content=\"2 minutes\" \/>\n<script type=\"application\/ld+json\" class=\"yoast-schema-graph\">{\"@context\":\"https:\/\/schema.org\",\"@graph\":[{\"@type\":\"WebPage\",\"@id\":\"https:\/\/montsutton.com\/en\/join-us\/parking\/charging-stations\/\",\"url\":\"https:\/\/montsutton.com\/en\/join-us\/parking\/charging-stations\/\",\"name\":\"Mont SUTTON\",\"isPartOf\":{\"@id\":\"https:\/\/montsutton.com\/#website\"},\"datePublished\":\"2017-10-19T16:05:54+00:00\",\"dateModified\":\"2024-09-10T19:43:36+00:00\",\"description\":\"Mont SUTTON has 10 charging stations for electric vehicles (EV)\",\"breadcrumb\":{\"@id\":\"https:\/\/montsutton.com\/en\/join-us\/parking\/charging-stations\/#breadcrumb\"},\"inLanguage\":\"en-US\",\"potentialAction\":[{\"@type\":\"ReadAction\",\"target\":[\"https:\/\/montsutton.com\/en\/join-us\/parking\/charging-stations\/\"]}]},{\"@type\":\"BreadcrumbList\",\"@id\":\"https:\/\/montsutton.com\/en\/join-us\/parking\/charging-stations\/#breadcrumb\",\"itemListElement\":[{\"@type\":\"ListItem\",\"position\":1,\"name\":\"Home\",\"item\":\"https:\/\/montsutton.com\/en\/\"},{\"@type\":\"ListItem\",\"position\":2,\"name\":\"Join us\",\"item\":\"https:\/\/montsutton.com\/en\/join-us\/\"},{\"@type\":\"ListItem\",\"position\":3,\"name\":\"Parking\",\"item\":\"https:\/\/montsutton.com\/en\/join-us\/parking\/\"},{\"@type\":\"ListItem\",\"position\":4,\"name\":\"Charging Stations\"}]},{\"@type\":\"WebSite\",\"@id\":\"https:\/\/montsutton.com\/#website\",\"url\":\"https:\/\/montsutton.com\/\",\"name\":\"Mont SUTTON\",\"description\":\"Station de Ski au Qu\u00e9bec dans les Cantons-de-l&#039;Est -\",\"potentialAction\":[{\"@type\":\"SearchAction\",\"target\":{\"@type\":\"EntryPoint\",\"urlTemplate\":\"https:\/\/montsutton.com\/?s={search_term_string}\"},\"query-input\":{\"@type\":\"PropertyValueSpecification\",\"valueRequired\":true,\"valueName\":\"search_term_string\"}}],\"inLanguage\":\"en-US\"}]}<\/script>\n<!-- \/ Yoast SEO plugin. -->","yoast_head_json":{"title":"Mont SUTTON","description":"Mont SUTTON has 10 charging stations for electric vehicles (EV)","robots":{"index":"index","follow":"follow","max-snippet":"max-snippet:-1","max-image-preview":"max-image-preview:large","max-video-preview":"max-video-preview:-1"},"canonical":"https:\/\/montsutton.com\/en\/join-us\/parking\/charging-stations\/","og_locale":"en_US","og_type":"article","og_title":"Mont SUTTON","og_description":"Mont SUTTON has 10 charging stations for electric vehicles (EV)","og_url":"http:\/\/montsutton.com\/en\/join-us\/parking\/charging-stations\/","og_site_name":"Mont SUTTON","article_publisher":"https:\/\/www.facebook.com\/montsutton","article_modified_time":"2024-09-10T19:43:36+00:00","twitter_card":"summary_large_image","twitter_misc":{"Est. reading time":"2 minutes"},"schema":{"@context":"https:\/\/schema.org","@graph":[{"@type":"WebPage","@id":"https:\/\/montsutton.com\/en\/join-us\/parking\/charging-stations\/","url":"https:\/\/montsutton.com\/en\/join-us\/parking\/charging-stations\/","name":"Mont SUTTON","isPartOf":{"@id":"https:\/\/montsutton.com\/#website"},"datePublished":"2017-10-19T16:05:54+00:00","dateModified":"2024-09-10T19:43:36+00:00","description":"Mont SUTTON has 10 charging stations for electric vehicles (EV)","breadcrumb":{"@id":"https:\/\/montsutton.com\/en\/join-us\/parking\/charging-stations\/#breadcrumb"},"inLanguage":"en-US","potentialAction":[{"@type":"ReadAction","target":["https:\/\/montsutton.com\/en\/join-us\/parking\/charging-stations\/"]}]},{"@type":"BreadcrumbList","@id":"https:\/\/montsutton.com\/en\/join-us\/parking\/charging-stations\/#breadcrumb","itemListElement":[{"@type":"ListItem","position":1,"name":"Home","item":"https:\/\/montsutton.com\/en\/"},{"@type":"ListItem","position":2,"name":"Join us","item":"https:\/\/montsutton.com\/en\/join-us\/"},{"@type":"ListItem","position":3,"name":"Parking","item":"https:\/\/montsutton.com\/en\/join-us\/parking\/"},{"@type":"ListItem","position":4,"name":"Charging Stations"}]},{"@type":"WebSite","@id":"https:\/\/montsutton.com\/#website","url":"https:\/\/montsutton.com\/","name":"Mont SUTTON","description":"Station de Ski au Qu\u00e9bec dans les Cantons-de-l&#039;Est -","potentialAction":[{"@type":"SearchAction","target":{"@type":"EntryPoint","urlTemplate":"https:\/\/montsutton.com\/?s={search_term_string}"},"query-input":{"@type":"PropertyValueSpecification","valueRequired":true,"valueName":"search_term_string"}}],"inLanguage":"en-US"}]}},"publishpress_future_action":{"enabled":false,"date":"2026-04-12 07:10:37","action":"change-status","newStatus":"draft","terms":[],"taxonomy":"translation_priority","extraData":[]},"publishpress_future_workflow_manual_trigger":{"enabledWorkflows":[]},"_links":{"self":[{"href":"https:\/\/montsutton.com\/en\/wp-json\/wp\/v2\/pages\/15292","targetHints":{"allow":["GET"]}}],"collection":[{"href":"https:\/\/montsutton.com\/en\/wp-json\/wp\/v2\/pages"}],"about":[{"href":"https:\/\/montsutton.com\/en\/wp-json\/wp\/v2\/types\/page"}],"author":[{"embeddable":true,"href":"https:\/\/montsutton.com\/en\/wp-json\/wp\/v2\/users\/10"}],"replies":[{"embeddable":true,"href":"https:\/\/montsutton.com\/en\/wp-json\/wp\/v2\/comments?post=15292"}],"version-history":[{"count":2,"href":"https:\/\/montsutton.com\/en\/wp-json\/wp\/v2\/pages\/15292\/revisions"}],"predecessor-version":[{"id":63859,"href":"https:\/\/montsutton.com\/en\/wp-json\/wp\/v2\/pages\/15292\/revisions\/63859"}],"up":[{"embeddable":true,"href":"https:\/\/montsutton.com\/en\/wp-json\/wp\/v2\/pages\/4393"}],"wp:attachment":[{"href":"https:\/\/montsutton.com\/en\/wp-json\/wp\/v2\/media?parent=15292"}],"curies":[{"name":"wp","href":"https:\/\/api.w.org\/{rel}","templated":true}]}}